{"id":17107,"date":"2025-07-07T15:16:59","date_gmt":"2025-07-07T13:16:59","guid":{"rendered":"https:\/\/sandefjord.katolsk.no\/?page_id=17107"},"modified":"2025-12-18T17:14:43","modified_gmt":"2025-12-18T16:14:43","slug":"messetider","status":"publish","type":"page","link":"https:\/\/sandefjord.katolsk.no\/?page_id=17107","title":{"rendered":"Messetider"},"content":{"rendered":"\n<h1 class=\"wp-block-heading\">MESSER i\u00a0<strong>JULEN 2025\/2026<\/strong>\u00a0i St. Johannes d\u00f8perens kirke i Sandefjord<\/h1>\n\n\n\n<p><strong>S\u00f8ndag 21. desember 2025<\/strong><\/p>\n\n\n\n<p>Kl. 10.00 \u2013 Messe p\u00e5 vietnamesisk<\/p>\n\n\n\n<p>Kl. 11.30 \u2013 Norsk h\u00f8ymesse, presten kommer tidligere; ca 10.30 og mellom norsk og polsk messe &nbsp;(etter h\u00f8ymessen, s\u00e5 f\u00f8r polsk messe)<\/p>\n\n\n\n<p>Kl. 14.30 \u2013 Messe p\u00e5 polsk (dette er ny fast tid)<\/p>\n\n\n\n<p><strong>Tirsdag 23. desember Kl 17.00-17.30<\/strong>: Kirken holdes \u00e5pent for skriftem\u00e5l og til det ikke er noen som venter \u2026<\/p>\n\n\n\n<p><strong>Onsdag 24. desember \u2013 JULEAFTEN<\/strong><br>14.00 Juleaftensmesse (barnemesse),Presten er i kirken fra ca kl 13.00, ogs\u00e5 litt tid etter barnemessen<br>22.00 Julenattsmesse<\/p>\n\n\n\n<p><strong>Torsdag 25. desember \u2013 JULEDAG<\/strong><br>11.30 Juledags H\u00f8ymesse<br>14.30 Julemesse p\u00e5 polsk<\/p>\n\n\n\n<p><strong>Fredag 26. desember \u2013 ANNEN JULEDAG (Stefan\/ St. Stephen)<\/strong><br>&nbsp;10.00 Julemesse<br>12.00 Julemesse p\u00e5 polsk<\/p>\n\n\n\n<p>13.30 Christmas Mass English<\/p>\n\n\n\n<p><strong>L\u00f8rdag 27. desember<\/strong><br>&nbsp;18.00 s\u00f8ndagens messe (latin)<\/p>\n\n\n\n<p><strong>S\u00f8ndag 28. desember \u2013 DEN HELLIGE FAMILIE<\/strong><br>11.30 H\u00f8ymesse<br>14.30 Julemesse p\u00e5 polsk<\/p>\n\n\n\n<p><strong>Torsdag 1. januar \u2014 H\u00d8YTIDEN FOR GUDS HELLIGE MOR MARIA<\/strong><br>11.30 H\u00f8ymesse<\/p>\n\n\n\n<p><strong>L\u00f8rdag 3. januar<\/strong><br>&nbsp;17.00 geez-aleksandrinsk julemesse (eritreere)<\/p>\n\n\n\n<p>Obs \u2013 ingen messe p\u00e5 norsk om kvelden<\/p>\n\n\n\n<p><strong>S\u00f8ndag 4. januar \u2013 HERRENS \u00c5PENBARING (EPIFANI, HL TRE KONGER)<\/strong><br>10.00 Messe p\u00e5 engelsk (fader Godwin Adahada)<br>11.30 H\u00f8ymesse (barnemesse)<br>14.30 Messe p\u00e5 polsk<\/p>\n\n\n\n<p><strong>L\u00f8rdag 10. januar<\/strong><br>18.00 S\u00f8ndagens messe (faste ledd p\u00e5 latin)<\/p>\n\n\n\n<p><strong>S\u00f8ndag 11. januar \u2013 HERRENS D\u00c5P<\/strong><br>10.00 Messe p\u00e5 engelsk (fader Johan Dumandan)<br>11.30 H\u00f8ymesse<br>12.45 Messe p\u00e5 litauisk<br>14.30 Messe p\u00e5 polsk<\/p>\n\n\n\n<p><em>(Santo Ni\u00f1o markeres under h\u00f8ymessen tredje s\u00f8ndag 18. januar)<\/em><\/p>\n","protected":false},"excerpt":{"rendered":"<p>MESSER i\u00a0JULEN 2025\/2026\u00a0i St. Johannes d\u00f8perens kirke i Sandefjord S\u00f8ndag 21. desember 2025 Kl. 10.00 \u2013 Messe p\u00e5 vietnamesisk Kl. 11.30 \u2013 Norsk h\u00f8ymesse, presten kommer tidligere; ca 10.30 og mellom norsk og polsk messe &nbsp;(etter h\u00f8ymessen, s\u00e5 f\u00f8r polsk &hellip; <a href=\"https:\/\/sandefjord.katolsk.no\/?page_id=17107\">Les videre <span class=\"meta-nav\">&rarr;<\/span><\/a><\/p>\n","protected":false},"author":9,"featured_media":0,"parent":0,"menu_order":0,"comment_status":"closed","ping_status":"closed","template":"","meta":{"footnotes":""},"class_list":["post-17107","page","type-page","status-publish","hentry"],"_links":{"self":[{"href":"https:\/\/sandefjord.katolsk.no\/index.php?rest_route=\/wp\/v2\/pages\/17107","targetHints":{"allow":["GET"]}}],"collection":[{"href":"https:\/\/sandefjord.katolsk.no\/index.php?rest_route=\/wp\/v2\/pages"}],"about":[{"href":"https:\/\/sandefjord.katolsk.no\/index.php?rest_route=\/wp\/v2\/types\/page"}],"author":[{"embeddable":true,"href":"https:\/\/sandefjord.katolsk.no\/index.php?rest_route=\/wp\/v2\/users\/9"}],"replies":[{"embeddable":true,"href":"https:\/\/sandefjord.katolsk.no\/index.php?rest_route=%2Fwp%2Fv2%2Fcomments&post=17107"}],"version-history":[{"count":2,"href":"https:\/\/sandefjord.katolsk.no\/index.php?rest_route=\/wp\/v2\/pages\/17107\/revisions"}],"predecessor-version":[{"id":17257,"href":"https:\/\/sandefjord.katolsk.no\/index.php?rest_route=\/wp\/v2\/pages\/17107\/revisions\/17257"}],"wp:attachment":[{"href":"https:\/\/sandefjord.katolsk.no\/index.php?rest_route=%2Fwp%2Fv2%2Fmedia&parent=17107"}],"curies":[{"name":"wp","href":"https:\/\/api.w.org\/{rel}","templated":true}]}}