{"id":17108,"date":"2025-07-07T15:16:59","date_gmt":"2025-07-07T13:16:59","guid":{"rendered":"https:\/\/sandefjord.katolsk.no\/?page_id=17108"},"modified":"2025-08-06T18:52:34","modified_gmt":"2025-08-06T16:52:34","slug":"katekese","status":"publish","type":"page","link":"https:\/\/sandefjord.katolsk.no\/?page_id=17108","title":{"rendered":"Katekese"},"content":{"rendered":"\n<h1 class=\"wp-block-heading\"><a href=\"https:\/\/sandefjord.katolsk.no\/?p=17095\">Katekese H\u00f8st 2025 \u2013 V\u00e5r 2026<\/a><\/h1>\n\n\n\n<p><a href=\"https:\/\/sandefjord.katolsk.no\/?p=17095#respond\"><\/a><strong>Nyhet<\/strong><\/p>\n\n\n\n<p><strong>F\u00f8rste kommunions undervisning<\/strong> H\u00f8st 2025 \u2013 V\u00e5r 2026 blir flyttet til f\u00f8rste og tredje L\u00f8rdager i m\u00e5neden.<\/p>\n\n\n\n<p><\/p>\n\n\n\n<p><strong>Konfirmasjon undervisning <\/strong>H\u00f8st 2025 \u2013 V\u00e5r 2026 blir flyttet til andre og fjerde tirsdager i m\u00e5neden<\/p>\n\n\n\n<p>P\u00e5meldingsskjema konfirmasjon\/ferming her <\/p>\n\n\n\n<div class=\"wp-block-file\"><a id=\"wp-block-file--media-6a0198f6-42cb-4264-b4d5-efe2d3ef5632\" href=\"https:\/\/sandefjord.katolsk.no\/?attachment_id=17160\">konfirmasjonsskjema 2025-2026<\/a><\/div>\n\n\n\n<p><\/p>\n\n\n\n<p><\/p>\n\n\n\n<p><strong>S\u00f8ndagsskole og evangelietforklaring<\/strong>: Det vil bli ny s\u00f8ndagsskole tilbud for barn i messen kl 11.30 fra august. Hvor l\u00e6rere har bibelforklaring under f\u00f8rste lesning til kollekt under messen. Barn i alle aldre er velkommen til \u00e5 delta. <\/p>\n\n\n\n<p>Dato for alle undervisningene, og p\u00e5meldingsskjemaer Kommer snart!<\/p>\n\n\n\n<p><\/p>\n\n\n\n<p><\/p>\n","protected":false},"excerpt":{"rendered":"<p>Katekese H\u00f8st 2025 \u2013 V\u00e5r 2026 Nyhet F\u00f8rste kommunions undervisning H\u00f8st 2025 \u2013 V\u00e5r 2026 blir flyttet til f\u00f8rste og tredje L\u00f8rdager i m\u00e5neden. Konfirmasjon undervisning H\u00f8st 2025 \u2013 V\u00e5r 2026 blir flyttet til andre og fjerde tirsdager i m\u00e5neden &hellip; <a href=\"https:\/\/sandefjord.katolsk.no\/?page_id=17108\">Les videre <span class=\"meta-nav\">&rarr;<\/span><\/a><\/p>\n","protected":false},"author":9,"featured_media":0,"parent":0,"menu_order":1,"comment_status":"closed","ping_status":"closed","template":"","meta":{"footnotes":""},"class_list":["post-17108","page","type-page","status-publish","hentry"],"_links":{"self":[{"href":"https:\/\/sandefjord.katolsk.no\/index.php?rest_route=\/wp\/v2\/pages\/17108","targetHints":{"allow":["GET"]}}],"collection":[{"href":"https:\/\/sandefjord.katolsk.no\/index.php?rest_route=\/wp\/v2\/pages"}],"about":[{"href":"https:\/\/sandefjord.katolsk.no\/index.php?rest_route=\/wp\/v2\/types\/page"}],"author":[{"embeddable":true,"href":"https:\/\/sandefjord.katolsk.no\/index.php?rest_route=\/wp\/v2\/users\/9"}],"replies":[{"embeddable":true,"href":"https:\/\/sandefjord.katolsk.no\/index.php?rest_route=%2Fwp%2Fv2%2Fcomments&post=17108"}],"version-history":[{"count":8,"href":"https:\/\/sandefjord.katolsk.no\/index.php?rest_route=\/wp\/v2\/pages\/17108\/revisions"}],"predecessor-version":[{"id":17164,"href":"https:\/\/sandefjord.katolsk.no\/index.php?rest_route=\/wp\/v2\/pages\/17108\/revisions\/17164"}],"wp:attachment":[{"href":"https:\/\/sandefjord.katolsk.no\/index.php?rest_route=%2Fwp%2Fv2%2Fmedia&parent=17108"}],"curies":[{"name":"wp","href":"https:\/\/api.w.org\/{rel}","templated":true}]}}