{"id":17171,"date":"2025-08-06T15:56:47","date_gmt":"2025-08-06T13:56:47","guid":{"rendered":"https:\/\/sandefjord.katolsk.no\/?page_id=17171"},"modified":"2025-11-03T09:13:58","modified_gmt":"2025-11-03T08:13:58","slug":"vanlige-messetider","status":"publish","type":"page","link":"https:\/\/sandefjord.katolsk.no\/?page_id=17171","title":{"rendered":"Ordin\u00e6re messetider"},"content":{"rendered":"\n<p><em><strong>Hver l\u00f8rdag<\/strong><\/em><\/p>\n\n\n\n<p>18.00 &#8211; Messe p\u00e5 latinsk <\/p>\n\n\n\n<p><strong><em>Hver S\u00f8ndag<\/em><\/strong><\/p>\n\n\n\n<p>11.30 &#8211; Messe p\u00e5 norsk, barnemesser hver f\u00f8rste s\u00f8ndagen i m\u00e5neden og evangelieforklaring av kateketer alle andre s\u00f8ndager.<\/p>\n\n\n\n<p>14.30 &#8211; Messe p\u00e5 polsk <strong>Fra og med 09.november<\/strong><\/p>\n\n\n\n<p><\/p>\n\n\n\n<p><strong>Messer p\u00e5 andre spr\u00e5k<\/strong><\/p>\n\n\n\n<p>10.00 messe p\u00e5 engelsk, f\u00f8rste s\u00f8ndagen i m\u00e5neden &#8211; Afrikansk prest<\/p>\n\n\n\n<p>10.00 messe p\u00e5 engelsk, andre s\u00f8ndagen i m\u00e5neden &#8211; Filipinsk Prest <\/p>\n\n\n\n<p>10.00 messe p\u00e5 Vietnamesisk, tredje s\u00f8ndagen i m\u00e5neden<\/p>\n\n\n\n<p><strong><em>12.30 messe p\u00e5 litauisk, andre s\u00f8ndagen i m\u00e5neden, <strong><em>OBS: <\/em><\/strong>ny tid begynner fra og med s\u00f8ndag 09.november. <\/em><\/strong><\/p>\n\n\n\n<p><strong>14.30 &#8211; Messe p\u00e5 polsk &#8211; hver s\u00f8ndag, fra og med. OBS: ny tid begynner fra og med s\u00f8ndag 09.november 2025.<\/strong><\/p>\n\n\n\n<p><\/p>\n","protected":false},"excerpt":{"rendered":"<p>Hver l\u00f8rdag 18.00 &#8211; Messe p\u00e5 latinsk Hver S\u00f8ndag 11.30 &#8211; Messe p\u00e5 norsk, barnemesser hver f\u00f8rste s\u00f8ndagen i m\u00e5neden og evangelieforklaring av kateketer alle andre s\u00f8ndager. 14.30 &#8211; Messe p\u00e5 polsk Fra og med 09.november Messer p\u00e5 andre spr\u00e5k &hellip; <a href=\"https:\/\/sandefjord.katolsk.no\/?page_id=17171\">Les videre <span class=\"meta-nav\">&rarr;<\/span><\/a><\/p>\n","protected":false},"author":9,"featured_media":0,"parent":17107,"menu_order":0,"comment_status":"closed","ping_status":"closed","template":"","meta":{"footnotes":""},"class_list":["post-17171","page","type-page","status-publish","hentry"],"_links":{"self":[{"href":"https:\/\/sandefjord.katolsk.no\/index.php?rest_route=\/wp\/v2\/pages\/17171","targetHints":{"allow":["GET"]}}],"collection":[{"href":"https:\/\/sandefjord.katolsk.no\/index.php?rest_route=\/wp\/v2\/pages"}],"about":[{"href":"https:\/\/sandefjord.katolsk.no\/index.php?rest_route=\/wp\/v2\/types\/page"}],"author":[{"embeddable":true,"href":"https:\/\/sandefjord.katolsk.no\/index.php?rest_route=\/wp\/v2\/users\/9"}],"replies":[{"embeddable":true,"href":"https:\/\/sandefjord.katolsk.no\/index.php?rest_route=%2Fwp%2Fv2%2Fcomments&post=17171"}],"version-history":[{"count":6,"href":"https:\/\/sandefjord.katolsk.no\/index.php?rest_route=\/wp\/v2\/pages\/17171\/revisions"}],"predecessor-version":[{"id":17228,"href":"https:\/\/sandefjord.katolsk.no\/index.php?rest_route=\/wp\/v2\/pages\/17171\/revisions\/17228"}],"up":[{"embeddable":true,"href":"https:\/\/sandefjord.katolsk.no\/index.php?rest_route=\/wp\/v2\/pages\/17107"}],"wp:attachment":[{"href":"https:\/\/sandefjord.katolsk.no\/index.php?rest_route=%2Fwp%2Fv2%2Fmedia&parent=17171"}],"curies":[{"name":"wp","href":"https:\/\/api.w.org\/{rel}","templated":true}]}}