{"id":17217,"date":"2025-10-30T11:24:00","date_gmt":"2025-10-30T10:24:00","guid":{"rendered":"https:\/\/sandefjord.katolsk.no\/?page_id=17217"},"modified":"2026-02-25T13:09:32","modified_gmt":"2026-02-25T12:09:32","slug":"apningstider","status":"publish","type":"page","link":"https:\/\/sandefjord.katolsk.no\/?page_id=17217","title":{"rendered":"\u00c5pningstider"},"content":{"rendered":"\n<p>Kirken holdes \u00e5pent for messer: <\/p>\n\n\n\n<p>Alle l\u00f8rdager: kl 18.00 &#8211; 19.00 <\/p>\n\n\n\n<p>Alle s\u00f8ndager 11.30 &#8211; 12.30 <\/p>\n\n\n\n<p><\/p>\n\n\n\n<p><strong>Kontortid \/ Office hours<\/strong>: Mandag &#8211; Torsdag kl. 10.00 &#8211; 14.00  (Ring sekret\u00e6r +47 41399562 for oppl\u00e5sing av d\u00f8r).<\/p>\n\n\n\n<p><strong>Telefontid : <\/strong>mandag &#8211; fredag kl. 08.00 &#8211; 16.00<\/p>\n\n\n\n<p>Sekret\u00e6r har fleksibel kontortid andre dager, og m\u00e5 avtale for m\u00f8ter.<\/p>\n\n\n\n<p><\/p>\n\n\n\n<p><\/p>\n\n\n\n<p><\/p>\n\n\n\n<p><\/p>\n","protected":false},"excerpt":{"rendered":"<p>Kirken holdes \u00e5pent for messer: Alle l\u00f8rdager: kl 18.00 &#8211; 19.00 Alle s\u00f8ndager 11.30 &#8211; 12.30 Kontortid \/ Office hours: Mandag &#8211; Torsdag kl. 10.00 &#8211; 14.00 (Ring sekret\u00e6r +47 41399562 for oppl\u00e5sing av d\u00f8r). Telefontid : mandag &#8211; fredag &hellip; <a href=\"https:\/\/sandefjord.katolsk.no\/?page_id=17217\">Les videre <span class=\"meta-nav\">&rarr;<\/span><\/a><\/p>\n","protected":false},"author":9,"featured_media":0,"parent":0,"menu_order":1,"comment_status":"closed","ping_status":"closed","template":"","meta":{"footnotes":""},"class_list":["post-17217","page","type-page","status-publish","hentry"],"_links":{"self":[{"href":"https:\/\/sandefjord.katolsk.no\/index.php?rest_route=\/wp\/v2\/pages\/17217","targetHints":{"allow":["GET"]}}],"collection":[{"href":"https:\/\/sandefjord.katolsk.no\/index.php?rest_route=\/wp\/v2\/pages"}],"about":[{"href":"https:\/\/sandefjord.katolsk.no\/index.php?rest_route=\/wp\/v2\/types\/page"}],"author":[{"embeddable":true,"href":"https:\/\/sandefjord.katolsk.no\/index.php?rest_route=\/wp\/v2\/users\/9"}],"replies":[{"embeddable":true,"href":"https:\/\/sandefjord.katolsk.no\/index.php?rest_route=%2Fwp%2Fv2%2Fcomments&post=17217"}],"version-history":[{"count":6,"href":"https:\/\/sandefjord.katolsk.no\/index.php?rest_route=\/wp\/v2\/pages\/17217\/revisions"}],"predecessor-version":[{"id":17261,"href":"https:\/\/sandefjord.katolsk.no\/index.php?rest_route=\/wp\/v2\/pages\/17217\/revisions\/17261"}],"wp:attachment":[{"href":"https:\/\/sandefjord.katolsk.no\/index.php?rest_route=%2Fwp%2Fv2%2Fmedia&parent=17217"}],"curies":[{"name":"wp","href":"https:\/\/api.w.org\/{rel}","templated":true}]}}