{"id":17236,"date":"2025-11-08T21:35:03","date_gmt":"2025-11-08T20:35:03","guid":{"rendered":"https:\/\/sandefjord.katolsk.no\/?page_id=17236"},"modified":"2026-02-25T13:47:59","modified_gmt":"2026-02-25T12:47:59","slug":"info","status":"publish","type":"page","link":"https:\/\/sandefjord.katolsk.no\/?page_id=17236","title":{"rendered":"Info"},"content":{"rendered":"\n<p><strong><em>Jeg vil konvertere meg: Kontakt Sognepresten eller sekret\u00e6r p\u00e5 telefon eller epost for mer info<\/em><\/strong>: <a href=\"https:\/\/sandefjord.katolsk.no\/?page_id=17109\">Kontakt oss | St. Johannes D\u00f8perens menighet, Sandefjord<\/a><\/p>\n\n\n\n<p><strong>Jeg er katolikk &#8211; men har nettopp flyttet til Sandefjord<\/strong>: Registrer deg via  link  <a href=\"https:\/\/services.katolsk.no\/registrering\/?lk=no\">https:\/\/services.katolsk.no\/registrering\/?lk=no<\/a> <\/p>\n\n\n\n<p><strong>I am a catholic, but I just moved to Sandefjord<\/strong>: please sign up via link  <a href=\"https:\/\/services.katolsk.no\/registrering\/?lk=en\">https:\/\/services.katolsk.no\/registrering\/?lk=en<\/a> <\/p>\n\n\n\n<p><strong>Jeg trenger info om katekesen \/ I need information about the cathecism program<\/strong>:     <a href=\"https:\/\/sandefjord.katolsk.no\/?page_id=17108\">Katekese | St. Johannes D\u00f8perens menighet, Sandefjord<\/a><\/p>\n\n\n\n<p><strong>Jeg er katolsk og vil gifte meg: Kontakt Sognepresten eller sekret\u00e6r via epost:<\/strong>                  <a href=\"https:\/\/sandefjord.katolsk.no\/?page_id=17109\">Kontakt oss | St. Johannes D\u00f8perens menighet, Sandefjord<\/a> <\/p>\n\n\n\n<p><strong>Jeg \u00f8nsker \u00e5 melde meg ut: kontakt Sogneprest \/ sekret\u00e6r via epost<\/strong>:                         <a href=\"https:\/\/sandefjord.katolsk.no\/?page_id=17109\">Kontakt oss | St. Johannes D\u00f8perens menighet, Sandefjord<\/a> <\/p>\n\n\n\n<p><\/p>\n","protected":false},"excerpt":{"rendered":"<p>Jeg vil konvertere meg: Kontakt Sognepresten eller sekret\u00e6r p\u00e5 telefon eller epost for mer info: Kontakt oss | St. Johannes D\u00f8perens menighet, Sandefjord Jeg er katolikk &#8211; men har nettopp flyttet til Sandefjord: Registrer deg via link https:\/\/services.katolsk.no\/registrering\/?lk=no I am &hellip; <a href=\"https:\/\/sandefjord.katolsk.no\/?page_id=17236\">Les videre <span class=\"meta-nav\">&rarr;<\/span><\/a><\/p>\n","protected":false},"author":9,"featured_media":0,"parent":0,"menu_order":0,"comment_status":"closed","ping_status":"closed","template":"","meta":{"footnotes":""},"class_list":["post-17236","page","type-page","status-publish","hentry"],"_links":{"self":[{"href":"https:\/\/sandefjord.katolsk.no\/index.php?rest_route=\/wp\/v2\/pages\/17236","targetHints":{"allow":["GET"]}}],"collection":[{"href":"https:\/\/sandefjord.katolsk.no\/index.php?rest_route=\/wp\/v2\/pages"}],"about":[{"href":"https:\/\/sandefjord.katolsk.no\/index.php?rest_route=\/wp\/v2\/types\/page"}],"author":[{"embeddable":true,"href":"https:\/\/sandefjord.katolsk.no\/index.php?rest_route=\/wp\/v2\/users\/9"}],"replies":[{"embeddable":true,"href":"https:\/\/sandefjord.katolsk.no\/index.php?rest_route=%2Fwp%2Fv2%2Fcomments&post=17236"}],"version-history":[{"count":6,"href":"https:\/\/sandefjord.katolsk.no\/index.php?rest_route=\/wp\/v2\/pages\/17236\/revisions"}],"predecessor-version":[{"id":17272,"href":"https:\/\/sandefjord.katolsk.no\/index.php?rest_route=\/wp\/v2\/pages\/17236\/revisions\/17272"}],"wp:attachment":[{"href":"https:\/\/sandefjord.katolsk.no\/index.php?rest_route=%2Fwp%2Fv2%2Fmedia&parent=17236"}],"curies":[{"name":"wp","href":"https:\/\/api.w.org\/{rel}","templated":true}]}}